{"id":2327,"date":"2026-02-02T19:31:02","date_gmt":"2026-02-02T18:31:02","guid":{"rendered":"https:\/\/neu.online-charter.com\/preguntas-frecuentes\/"},"modified":"2026-03-22T14:46:13","modified_gmt":"2026-03-22T13:46:13","slug":"preguntas-frecuentes","status":"publish","type":"page","link":"https:\/\/online-charter.com\/es\/preguntas-frecuentes\/","title":{"rendered":"FAQ"},"content":{"rendered":"\t\t<div data-elementor-type=\"wp-page\" data-elementor-id=\"2327\" class=\"elementor elementor-2327 elementor-768\" data-elementor-post-type=\"page\">\n\t\t\t\t<div class=\"elementor-element elementor-element-16af32a e-con-full e-flex e-con e-parent\" data-id=\"16af32a\" data-element_type=\"container\" data-e-type=\"container\" data-settings=\"{&quot;background_background&quot;:&quot;classic&quot;}\">\n\t\t\t\t<div class=\"elementor-element elementor-element-b3db3ef elementor-widget elementor-widget-text-editor\" data-id=\"b3db3ef\" data-element_type=\"widget\" data-e-type=\"widget\" data-widget_type=\"text-editor.default\">\n\t\t\t\t<div class=\"elementor-widget-container\">\n\t\t\t\t\t\t\t\t\t<p>Preguntas frecuentes<br>Lo que siempre quisiste saber<\/p>\t\t\t\t\t\t\t\t<\/div>\n\t\t\t\t<\/div>\n\t\t\t\t<\/div>\n\t\t<div class=\"elementor-element elementor-element-7f6304b e-flex e-con-boxed e-con e-parent\" data-id=\"7f6304b\" data-element_type=\"container\" data-e-type=\"container\">\n\t\t\t\t\t<div class=\"e-con-inner\">\n\t\t\t\t<div class=\"elementor-element elementor-element-7610bcc elementor-widget elementor-widget-heading\" data-id=\"7610bcc\" data-element_type=\"widget\" data-e-type=\"widget\" data-widget_type=\"heading.default\">\n\t\t\t\t<div class=\"elementor-widget-container\">\n\t\t\t\t\t<h1 class=\"elementor-heading-title elementor-size-default\">Preguntas frecuentes sobre el alquiler de barcos en Mallorca: todo lo que debes saber antes de zarpar<\/h1>\t\t\t\t<\/div>\n\t\t\t\t<\/div>\n\t\t\t\t<div class=\"elementor-element elementor-element-9ca0a1a elementor-widget elementor-widget-text-editor\" data-id=\"9ca0a1a\" data-element_type=\"widget\" data-e-type=\"widget\" data-widget_type=\"text-editor.default\">\n\t\t\t\t<div class=\"elementor-widget-container\">\n\t\t\t\t\t\t\t\t\t<p class=\"p1\">Alquilar un yate en Mallorca es sin\u00f3nimo de libertad, relajaci\u00f3n y momentos inolvidables en el Mediterr\u00e1neo. Al mismo tiempo, surgen muchas preguntas, sobre todo la primera vez:<\/p><p class=\"p1\">\u00bfQu\u00e9 me pongo a bordo? \u00bfMe <a class=\"wpil_keyword_link\" href=\"https:\/\/online-charter.com\/es\/mareos-en-un-yate-que-ayuda-realmente\/\" title=\"mareado\" data-wpil-keyword-link=\"linked\" data-wpil-monitor-id=\"228\">mareo<\/a>? \u00bfPuedo llevar <a class=\"wpil_keyword_link\" href=\"https:\/\/online-charter.com\/es\/zapatos-a-bordo-por-que-casi-siempre-descalzo\/\" title=\"Zapatos\" data-wpil-keyword-link=\"linked\" data-wpil-monitor-id=\"226\">zapatos<\/a>? \u00bfC\u00f3mo funciona una jornada ch\u00e1rter? \u00bfQu\u00e9 ocurre cuando hace mal tiempo?<\/p><p class=\"p1\">Aqu\u00ed es exactamente donde entran en juego nuestras Preguntas Frecuentes.<\/p><p class=\"p1\">En esta p\u00e1gina encontrar\u00e1s respuestas claras, comprensibles y pr\u00e1cticas a las preguntas m\u00e1s frecuentes sobre el <a class=\"wpil_keyword_link\" href=\"https:\/\/online-charter.com\/es\/\" title=\"Alquiler de yates\" data-wpil-keyword-link=\"linked\" data-wpil-monitor-id=\"3\">alquiler de yates <\/a>en Mallorca, tanto si buscas un <a class=\"wpil_keyword_link\" href=\"https:\/\/online-charter.com\/es\/tipodeyate\/catamaran-es\/\" title=\"Catamar\u00e1n\" data-wpil-keyword-link=\"linked\" data-wpil-monitor-id=\"318\">catamar\u00e1n<\/a>, yate de vela o un <a class=\"wpil_keyword_link\" href=\"https:\/\/online-charter.com\/es\/tipodeyate\/yatemotor\/\" title=\"Lancha a motor\" data-wpil-keyword-link=\"linked\" data-wpil-monitor-id=\"352\">barco a motor yate <\/a>o lancha a motor Nuestro objetivo es darte tranquilidad antes de reservar y prepararte para tu d\u00eda (o d\u00edas) en el mar.<\/p><h4> <\/h4><h4>Tu pr\u00f3ximo paso para un d\u00eda perfecto en el mar<\/h4><p class=\"p3\">Utiliza los siguientes temas de las FAQ para obtener informaci\u00f3n espec\u00edfica, o simplemente lee las \u00e1reas que sean relevantes para ti. Si todav\u00eda tienes alguna pregunta, estaremos encantados de responderte personalmente.<\/p><p class=\"p4\"><span class=\"s2\">\ud83d\udc49 <\/span><b>Nuestra reivindicaci\u00f3n:<\/b><b><\/b><\/p><p class=\"p3\">Sin preguntas sin respuesta, sin sorpresas: s\u00f3lo una experiencia de alquiler de yates en Mallorca tan relajada como imaginas.<\/p>\t\t\t\t\t\t\t\t<\/div>\n\t\t\t\t<\/div>\n\t\t\t\t\t<\/div>\n\t\t\t\t<\/div>\n\t\t<div class=\"elementor-element elementor-element-2dfe3e3 e-flex e-con-boxed e-con e-parent\" data-id=\"2dfe3e3\" data-element_type=\"container\" data-e-type=\"container\">\n\t\t\t\t\t<div class=\"e-con-inner\">\n\t\t\t\t\t<\/div>\n\t\t\t\t<\/div>\n\t\t\t\t<\/div>\n\t\t","protected":false},"excerpt":{"rendered":"<p>Preguntas frecuentesLo que siempre quisiste saber Preguntas frecuentes sobre el alquiler de barcos en Mallorca: todo lo que debes saber antes de zarpar Alquilar un yate en Mallorca es sin\u00f3nimo de libertad, relajaci\u00f3n y momentos inolvidables en el Mediterr\u00e1neo. Al mismo tiempo, surgen muchas preguntas, sobre todo la primera vez: \u00bfQu\u00e9 me pongo a bordo? [&hellip;]<\/p>\n","protected":false},"author":1,"featured_media":2326,"parent":0,"menu_order":0,"comment_status":"closed","ping_status":"closed","template":"","meta":{"_seopress_robots_primary_cat":"","_seopress_titles_title":"Alquiler de barcos Mallorca FAQ - Respuestas al alquiler, precios y procedimiento","_seopress_titles_desc":"Respuestas a las preguntas m\u00e1s importantes sobre el alquiler de yates en Mallorca. Informaci\u00f3n sobre precios, procedimientos, reservas, alquileres para grupos y eventos en yate. ","_seopress_robots_index":"","footnotes":""},"class_list":["post-2327","page","type-page","status-publish","has-post-thumbnail","hentry"],"_links":{"self":[{"href":"https:\/\/online-charter.com\/es\/wp-json\/wp\/v2\/pages\/2327","targetHints":{"allow":["GET"]}}],"collection":[{"href":"https:\/\/online-charter.com\/es\/wp-json\/wp\/v2\/pages"}],"about":[{"href":"https:\/\/online-charter.com\/es\/wp-json\/wp\/v2\/types\/page"}],"author":[{"embeddable":true,"href":"https:\/\/online-charter.com\/es\/wp-json\/wp\/v2\/users\/1"}],"replies":[{"embeddable":true,"href":"https:\/\/online-charter.com\/es\/wp-json\/wp\/v2\/comments?post=2327"}],"version-history":[{"count":0,"href":"https:\/\/online-charter.com\/es\/wp-json\/wp\/v2\/pages\/2327\/revisions"}],"wp:featuredmedia":[{"embeddable":true,"href":"https:\/\/online-charter.com\/es\/wp-json\/wp\/v2\/media\/2326"}],"wp:attachment":[{"href":"https:\/\/online-charter.com\/es\/wp-json\/wp\/v2\/media?parent=2327"}],"curies":[{"name":"wp","href":"https:\/\/api.w.org\/{rel}","templated":true}]}}