{"id":2320,"date":"2026-01-11T19:00:24","date_gmt":"2026-01-11T18:00:24","guid":{"rendered":"https:\/\/neu.online-charter.com\/pie-de-imprenta\/"},"modified":"2026-03-15T12:59:53","modified_gmt":"2026-03-15T11:59:53","slug":"pie-de-imprenta","status":"publish","type":"page","link":"https:\/\/online-charter.com\/es\/pie-de-imprenta\/","title":{"rendered":"Pie de imprenta"},"content":{"rendered":"\t\t<div data-elementor-type=\"wp-page\" data-elementor-id=\"2320\" class=\"elementor elementor-2320 elementor-217\" data-elementor-post-type=\"page\">\n\t\t\t\t<div class=\"elementor-element elementor-element-5c07e17 e-con-full e-flex e-con e-parent\" data-id=\"5c07e17\" data-element_type=\"container\" data-e-type=\"container\" data-settings=\"{&quot;background_background&quot;:&quot;classic&quot;}\">\n\t\t\t\t<\/div>\n\t\t<div class=\"elementor-element elementor-element-65a5a46 e-flex e-con-boxed e-con e-parent\" data-id=\"65a5a46\" data-element_type=\"container\" data-e-type=\"container\">\n\t\t\t\t\t<div class=\"e-con-inner\">\n\t\t\t\t<div class=\"elementor-element elementor-element-9190585 elementor-widget elementor-widget-heading\" data-id=\"9190585\" data-element_type=\"widget\" data-e-type=\"widget\" data-widget_type=\"heading.default\">\n\t\t\t\t<div class=\"elementor-widget-container\">\n\t\t\t\t\t<h1 class=\"elementor-heading-title elementor-size-default\">Pie de imprenta<\/h1>\t\t\t\t<\/div>\n\t\t\t\t<\/div>\n\t\t\t\t<div class=\"elementor-element elementor-element-efd1bc3 elementor-widget elementor-widget-text-editor\" data-id=\"efd1bc3\" data-element_type=\"widget\" data-e-type=\"widget\" data-widget_type=\"text-editor.default\">\n\t\t\t\t<div class=\"elementor-widget-container\">\n\t\t\t\t\t\t\t\t\t<div class=\"fusion-layout-column fusion_builder_column fusion-builder-column-0 fusion_builder_column_1_1 1_1 fusion-one-full fusion-column-first fusion-column-last fusion-column-no-min-height\"><div class=\"fusion-column-wrapper fusion-flex-column-wrapper-legacy\"><div class=\"fusion-title title fusion-title-1 fusion-title-text fusion-title-size-three\"><h3 class=\"fusion-title-heading title-heading-left fusion-responsive-typography-calculated\" data-fontsize=\"20\" data-lineheight=\"30px\">Responsable<\/h3><div class=\"title-sep-container\"><div class=\"title-sep sep-double sep-solid\"><span style=\"font-family: var( --e-global-typography-text-font-family ), Sans-serif; font-size: var( --e-global-typography-text-font-size ); font-style: var( --e-global-typography-text-font-style ); text-transform: var( --e-global-typography-text-text-transform ); text-align: var(--text-align);\">Regine Wagner (propietaria de la empresa individual)<\/span><\/div><\/div><\/div><div class=\"fusion-text fusion-text-1\"><p>Agencia de intermediaci\u00f3n para el alquiler de yates<\/p><p>Online-Charter<br>Regine Wagner<br>c\/o Imprint Service Dein-Impressum<br>Stettiner Str. 41<br>35410 Hungen<\/p><p>N\u00famero de identificaci\u00f3n fiscal:<br>DE 813386422<\/p><\/div><div class=\"fusion-clearfix\"> <\/div><\/div><\/div><div class=\"fusion-layout-column fusion_builder_column fusion-builder-column-1 fusion_builder_column_1_1 1_1 fusion-one-full fusion-column-first fusion-column-last fusion-column-no-min-height\"><div class=\"fusion-column-wrapper fusion-flex-column-wrapper-legacy\"><div class=\"fusion-title title fusion-title-2 fusion-title-text fusion-title-size-three\"><h3 class=\"fusion-title-heading title-heading-left fusion-responsive-typography-calculated\" data-fontsize=\"20\" data-lineheight=\"30px\">Contacto<\/h3><\/div><div class=\"fusion-text fusion-text-2\"><p>M\u00f3vil + Whatsapp: +49 175 8 555 372<br>E-Mail:info@online-charter.com<\/p><\/div><div class=\"fusion-clearfix\"> <\/div><\/div><\/div><div class=\"fusion-layout-column fusion_builder_column fusion-builder-column-2 fusion_builder_column_1_1 1_1 fusion-one-full fusion-column-first fusion-column-last fusion-column-no-min-height\"><div class=\"fusion-column-wrapper fusion-flex-column-wrapper-legacy\"><div class=\"fusion-title title fusion-title-3 fusion-title-text fusion-title-size-three\"><h3 class=\"fusion-title-heading title-heading-left fusion-responsive-typography-calculated\" data-fontsize=\"20\" data-lineheight=\"30px\">Sobre nosotros<\/h3><\/div><div class=\"fusion-text fusion-text-3\"><p>Somos una empresa alemana con sede en D\u00fcsseldorf. Frau Wagner h\u00e4lt sich regelm\u00e4\u00dfig auch auf Mallorca auf, um mit den Partnern vor Ort direkt und pers\u00f6nlich zu kommunizieren und die Angebote aktuell zu pr\u00fcfen. <span style=\"font-family: var( --e-global-typography-text-font-family ), Sans-serif; font-size: var( --e-global-typography-text-font-size ); font-style: var( --e-global-typography-text-font-style ); text-transform: var( --e-global-typography-text-text-transform ); text-align: var(--text-align);\">Esto significa que siempre podemos proporcionarte una oferta completa y comprobada personalmente.  <\/span><span style=\"font-family: var( --e-global-typography-text-font-family ), Sans-serif; font-size: var( --e-global-typography-text-font-size ); font-style: var( --e-global-typography-text-font-style ); text-transform: var( --e-global-typography-text-text-transform ); text-align: var(--text-align);\">Somos tu contacto local en Alemania.<\/span><\/p><\/div><div class=\"fusion-clearfix\"> <\/div><\/div><\/div><div class=\"fusion-layout-column fusion_builder_column fusion-builder-column-3 fusion_builder_column_1_1 1_1 fusion-one-full fusion-column-first fusion-column-last fusion-column-no-min-height\"><div class=\"fusion-column-wrapper fusion-flex-column-wrapper-legacy\"><div class=\"fusion-title title fusion-title-4 fusion-title-text fusion-title-size-three\"><h3 class=\"fusion-title-heading title-heading-left fusion-responsive-typography-calculated\" data-fontsize=\"20\" data-lineheight=\"30px\">Derechos de uso<\/h3><\/div><div class=\"fusion-text fusion-text-4\"><p>El uso de este sitio web y todos los contratos y\/o relaciones jur\u00eddicas resultantes est\u00e1n sujetos exclusivamente a la legislaci\u00f3n alemana, con exclusi\u00f3n de la Convenci\u00f3n de las Naciones Unidas sobre los Contratos de Compraventa Internacional de Mercader\u00edas (CISG).<\/p><\/div><\/div><\/div>\t\t\t\t\t\t\t\t<\/div>\n\t\t\t\t<\/div>\n\t\t\t\t\t<\/div>\n\t\t\t\t<\/div>\n\t\t\t\t<\/div>\n\t\t","protected":false},"excerpt":{"rendered":"<p>Pie de imprenta Responsable Regine Wagner (propietaria de la empresa individual) Agencia de intermediaci\u00f3n para el alquiler de yates Online-CharterRegine Wagnerc\/o Imprint Service Dein-ImpressumStettiner Str. 4135410 Hungen N\u00famero de identificaci\u00f3n fiscal:DE 813386422 Contacto M\u00f3vil + Whatsapp: +49 175 8 555 372E-Mail:info@online-charter.com Sobre nosotros Somos una empresa alemana con sede en D\u00fcsseldorf. Frau Wagner h\u00e4lt sich [&hellip;]<\/p>\n","protected":false},"author":1,"featured_media":0,"parent":0,"menu_order":0,"comment_status":"closed","ping_status":"closed","template":"","meta":{"_seopress_robots_primary_cat":"","_seopress_titles_title":"Pie de imprenta | Online Charter Mallorca","_seopress_titles_desc":"Pie de imprenta e informaci\u00f3n legal de Online Charter Mallorca. Detalles del proveedor, opciones de contacto y responsabilidades. ","_seopress_robots_index":"","footnotes":""},"class_list":["post-2320","page","type-page","status-publish","hentry"],"_links":{"self":[{"href":"https:\/\/online-charter.com\/es\/wp-json\/wp\/v2\/pages\/2320","targetHints":{"allow":["GET"]}}],"collection":[{"href":"https:\/\/online-charter.com\/es\/wp-json\/wp\/v2\/pages"}],"about":[{"href":"https:\/\/online-charter.com\/es\/wp-json\/wp\/v2\/types\/page"}],"author":[{"embeddable":true,"href":"https:\/\/online-charter.com\/es\/wp-json\/wp\/v2\/users\/1"}],"replies":[{"embeddable":true,"href":"https:\/\/online-charter.com\/es\/wp-json\/wp\/v2\/comments?post=2320"}],"version-history":[{"count":0,"href":"https:\/\/online-charter.com\/es\/wp-json\/wp\/v2\/pages\/2320\/revisions"}],"wp:attachment":[{"href":"https:\/\/online-charter.com\/es\/wp-json\/wp\/v2\/media?parent=2320"}],"curies":[{"name":"wp","href":"https:\/\/api.w.org\/{rel}","templated":true}]}}