{"id":2317,"date":"2026-02-02T21:54:57","date_gmt":"2026-02-02T20:54:57","guid":{"rendered":"https:\/\/neu.online-charter.com\/ocasiones\/"},"modified":"2026-03-15T13:32:13","modified_gmt":"2026-03-15T12:32:13","slug":"ocasiones","status":"publish","type":"page","link":"https:\/\/online-charter.com\/es\/ocasiones\/","title":{"rendered":"Ocasiones"},"content":{"rendered":"\t\t<div data-elementor-type=\"wp-page\" data-elementor-id=\"2317\" class=\"elementor elementor-2317 elementor-878\" data-elementor-post-type=\"page\">\n\t\t\t\t<div class=\"elementor-element elementor-element-3ff1d90 e-con-full e-flex e-con e-parent\" data-id=\"3ff1d90\" data-element_type=\"container\" data-e-type=\"container\" data-settings=\"{&quot;background_background&quot;:&quot;classic&quot;}\">\n\t\t\t\t<div class=\"elementor-element elementor-element-f682bc0 elementor-widget elementor-widget-text-editor\" data-id=\"f682bc0\" data-element_type=\"widget\" data-e-type=\"widget\" data-widget_type=\"text-editor.default\">\n\t\t\t\t<div class=\"elementor-widget-container\">\n\t\t\t\t\t\t\t\t\t<p>Fiestas, celebraciones, incentivos,<\/p><p>Eventos de empresa y m\u00e1s<\/p>\t\t\t\t\t\t\t\t<\/div>\n\t\t\t\t<\/div>\n\t\t\t\t<\/div>\n\t\t<div class=\"elementor-element elementor-element-3d24343 e-flex e-con-boxed e-con e-parent\" data-id=\"3d24343\" data-element_type=\"container\" data-e-type=\"container\">\n\t\t\t\t\t<div class=\"e-con-inner\">\n\t\t\t\t<div class=\"elementor-element elementor-element-7ab674b elementor-widget elementor-widget-heading\" data-id=\"7ab674b\" data-element_type=\"widget\" data-e-type=\"widget\" data-widget_type=\"heading.default\">\n\t\t\t\t<div class=\"elementor-widget-container\">\n\t\t\t\t\t<h1 class=\"elementor-heading-title elementor-size-default\">Las ocasiones especiales merecen lugares especiales - alquiler de yates en Mallorca<\/h1>\t\t\t\t<\/div>\n\t\t\t\t<\/div>\n\t\t\t\t<div class=\"elementor-element elementor-element-1ba7abb elementor-widget elementor-widget-text-editor\" data-id=\"1ba7abb\" data-element_type=\"widget\" data-e-type=\"widget\" data-widget_type=\"text-editor.default\">\n\t\t\t\t<div class=\"elementor-widget-container\">\n\t\t\t\t\t\t\t\t\t<p class=\"p1\">Hay momentos en la vida que merecen algo m\u00e1s que un escenario ordinario.<\/p><p class=\"p1\">Ya se trate de una celebraci\u00f3n privada, un evento empresarial o un hito muy personal, un alquiler de yates en Mallorca convertir\u00e1 tu evento en una experiencia que perdurar\u00e1.<\/p><p class=\"p1\">El Mediterr\u00e1neo, la <a href=\"https:\/\/online-charter.com\/yacht\/segelyacht-hanse-495\/\"  data-wpil-monitor-id=\"127\">costa de Mallorca<\/a> y la exclusividad de un yate privado crean un espacio en el que se crean emociones, encuentros y recuerdos. Lejos de restaurantes, lugares para eventos o salas de conferencias, pero con libertad, espacio e intimidad. <\/p><h3>El yate adecuado para cada ocasi\u00f3n<\/h3><p class=\"p1\">Un cumplea\u00f1os en el mar, una proposici\u00f3n de matrimonio al atardecer, un evento de empresa, un incentivo para los empleados o una idea completamente individual: cada ocasi\u00f3n es \u00fanica. Precisamente por eso no apostamos por soluciones est\u00e1ndar, sino por <span class=\"s2\"><b>experiencias de flete personalizadas<\/b><\/span>. <\/p><p class=\"p1\">Seg\u00fan la ocasi\u00f3n, el tama\u00f1o del grupo y la sensaci\u00f3n deseada, recomendamos<\/p><ul><li><p class=\"p1\"><span class=\"s1\"><b>Catamaranes<\/b><\/span> por comodidad, estabilidad y espacio<\/p><\/li><li><p class=\"p1\"><span class=\"s1\"><b>Veleros<\/b><\/span> para una experiencia aut\u00e9ntica y desacelerada<\/p><\/li><li><p class=\"p1\"><span class=\"s1\"><b>Lanchas y <\/b><a href=\"https:\/\/online-charter.com\/charter-yachten\/\"  data-wpil-monitor-id=\"61\">yates a motor<\/span><\/a> flexibilidad, dinamismo y exclusividad<\/p><\/li><\/ul><p class=\"p1\">El resultado es una experiencia que no s\u00f3lo se adapta a la ocasi\u00f3n, sino tambi\u00e9n a ti.<\/p><h3>M\u00e1s que una carta: una experiencia personal<\/h3><p class=\"p1\">El alquiler de un yate no es un elemento del programa, sino el escenario de momentos especiales.<\/p><p class=\"p1\">Tanto si quieres relajarte a la deriva, celebrarlo juntos, mantener conversaciones inspiradoras o disfrutar de momentos tranquilos, el mar da a tu evento una profundidad que apenas es posible en tierra.<\/p><p class=\"p1\">Gracias a nuestra experiencia en el alquiler de yates en Mallorca, te acompa\u00f1amos desde la primera idea hasta la realizaci\u00f3n y nos aseguramos de que todos los detalles sean correctos: ruta, duraci\u00f3n, ambiente y servicio.<\/p><h3>Tu evento. Tu yate. Tu momento.  <\/h3><p class=\"p1\">Tanto si ya tienes una idea clara como si quieres inspirarte, en esta p\u00e1gina encontrar\u00e1s una selecci\u00f3n de las ocasiones m\u00e1s populares para alquilar un yate en Mallorca. Y si tu evento no est\u00e1 incluido, tanto mejor: entonces podemos dise\u00f1ar algo completamente \u00fanico. <\/p>\t\t\t\t\t\t\t\t<\/div>\n\t\t\t\t<\/div>\n\t\t\t\t\t<\/div>\n\t\t\t\t<\/div>\n\t\t<div class=\"elementor-element elementor-element-ffa581f e-flex e-con-boxed e-con e-parent\" data-id=\"ffa581f\" data-element_type=\"container\" data-e-type=\"container\">\n\t\t\t\t\t<div class=\"e-con-inner\">\n\t\t\t\t\t<\/div>\n\t\t\t\t<\/div>\n\t\t<div class=\"elementor-element elementor-element-762e6d1 e-con-full elementor-hidden-mobile e-flex e-con e-parent\" data-id=\"762e6d1\" data-element_type=\"container\" data-e-type=\"container\">\n\t\t\t\t<div class=\"elementor-element elementor-element-ca1cd36 elementor-widget elementor-widget-gallery\" data-id=\"ca1cd36\" data-element_type=\"widget\" data-e-type=\"widget\" data-settings=\"{&quot;columns&quot;:6,&quot;gap&quot;:{&quot;unit&quot;:&quot;px&quot;,&quot;size&quot;:2,&quot;sizes&quot;:[]},&quot;aspect_ratio&quot;:&quot;16:9&quot;,&quot;lazyload&quot;:&quot;yes&quot;,&quot;gallery_layout&quot;:&quot;grid&quot;,&quot;columns_tablet&quot;:2,&quot;columns_mobile&quot;:1,&quot;gap_tablet&quot;:{&quot;unit&quot;:&quot;px&quot;,&quot;size&quot;:10,&quot;sizes&quot;:[]},&quot;gap_mobile&quot;:{&quot;unit&quot;:&quot;px&quot;,&quot;size&quot;:10,&quot;sizes&quot;:[]},&quot;overlay_background&quot;:&quot;yes&quot;,&quot;content_hover_animation&quot;:&quot;fade-in&quot;}\" data-widget_type=\"gallery.default\">\n\t\t\t\t<div class=\"elementor-widget-container\">\n\t\t\t\t\t\t\t<div class=\"elementor-gallery__container\">\n\t\t\t\t\t\t\t<div class=\"e-gallery-item elementor-gallery-item elementor-animated-content\">\n\t\t\t\t\t<div class=\"e-gallery-image elementor-gallery-item__image\" data-thumbnail=\"https:\/\/online-charter.com\/wp-content\/uploads\/2026\/02\/feier_katamaran-768x432.jpg\" data-width=\"768\" data-height=\"432\" aria-label=\"Grupo en un viaje en catamar\u00e1n a vela\" role=\"img\" ><\/div>\n\t\t\t\t\t\t\t\t\t\t\t<div class=\"elementor-gallery-item__overlay\"><\/div>\n\t\t\t\t\t\t\t\t\t\t\t\t\t\t<\/div>\n\t\t\t\t\t\t\t<div class=\"e-gallery-item elementor-gallery-item elementor-animated-content\">\n\t\t\t\t\t<div class=\"e-gallery-image elementor-gallery-item__image\" data-thumbnail=\"https:\/\/online-charter.com\/wp-content\/uploads\/2026\/02\/junggesellenabschied-768x432.jpg\" data-width=\"768\" data-height=\"432\" aria-label=\"Los hombres lo celebran en un yate con bebidas.\" role=\"img\" ><\/div>\n\t\t\t\t\t\t\t\t\t\t\t<div class=\"elementor-gallery-item__overlay\"><\/div>\n\t\t\t\t\t\t\t\t\t\t\t\t\t\t<\/div>\n\t\t\t\t\t\t\t<div class=\"e-gallery-item elementor-gallery-item elementor-animated-content\">\n\t\t\t\t\t<div class=\"e-gallery-image elementor-gallery-item__image\" data-thumbnail=\"https:\/\/online-charter.com\/wp-content\/uploads\/2026\/02\/sunset_party-768x432.jpg\" data-width=\"768\" data-height=\"432\" aria-label=\"Paseo en catamar\u00e1n al atardecer.\" role=\"img\" ><\/div>\n\t\t\t\t\t\t\t\t\t\t\t<div class=\"elementor-gallery-item__overlay\"><\/div>\n\t\t\t\t\t\t\t\t\t\t\t\t\t\t<\/div>\n\t\t\t\t\t\t\t<div class=\"e-gallery-item elementor-gallery-item elementor-animated-content\">\n\t\t\t\t\t<div class=\"e-gallery-image elementor-gallery-item__image\" data-thumbnail=\"https:\/\/online-charter.com\/wp-content\/uploads\/2026\/02\/bestager_kat-768x432.jpg\" data-width=\"768\" data-height=\"432\" aria-label=\"Personas mayores celebrando en un yate con bebidas.\" role=\"img\" ><\/div>\n\t\t\t\t\t\t\t\t\t\t\t<div class=\"elementor-gallery-item__overlay\"><\/div>\n\t\t\t\t\t\t\t\t\t\t\t\t\t\t<\/div>\n\t\t\t\t\t\t\t<div class=\"e-gallery-item elementor-gallery-item elementor-animated-content\">\n\t\t\t\t\t<div class=\"e-gallery-image elementor-gallery-item__image\" data-thumbnail=\"https:\/\/online-charter.com\/wp-content\/uploads\/2026\/02\/kat_party_bestager-768x432.jpg\" data-width=\"768\" data-height=\"432\" aria-label=\"La gente lo celebra con champ\u00e1n en un yate\" role=\"img\" ><\/div>\n\t\t\t\t\t\t\t\t\t\t\t<div class=\"elementor-gallery-item__overlay\"><\/div>\n\t\t\t\t\t\t\t\t\t\t\t\t\t\t<\/div>\n\t\t\t\t\t\t\t<div class=\"e-gallery-item elementor-gallery-item elementor-animated-content\">\n\t\t\t\t\t<div class=\"e-gallery-image elementor-gallery-item__image\" data-thumbnail=\"https:\/\/online-charter.com\/wp-content\/uploads\/2026\/02\/party_boote-768x432.jpg\" data-width=\"768\" data-height=\"432\" aria-label=\"Yates al atardecer en el mar\" role=\"img\" ><\/div>\n\t\t\t\t\t\t\t\t\t\t\t<div class=\"elementor-gallery-item__overlay\"><\/div>\n\t\t\t\t\t\t\t\t\t\t\t\t\t\t<\/div>\n\t\t\t\t\t<\/div>\n\t\t\t\t\t<\/div>\n\t\t\t\t<\/div>\n\t\t\t\t<\/div>\n\t\t\t\t<\/div>\n\t\t","protected":false},"excerpt":{"rendered":"<p>Fiestas, celebraciones, incentivos, Eventos de empresa y m\u00e1s Las ocasiones especiales merecen lugares especiales &#8211; alquiler de yates en Mallorca Hay momentos en la vida que merecen algo m\u00e1s que un escenario ordinario. Ya se trate de una celebraci\u00f3n privada, un evento empresarial o un hito muy personal, un alquiler de yates en Mallorca convertir\u00e1 [&hellip;]<\/p>\n","protected":false},"author":1,"featured_media":3740,"parent":0,"menu_order":0,"comment_status":"closed","ping_status":"closed","template":"","meta":{"_seopress_robots_primary_cat":"","_seopress_titles_title":"Alquiler de yates en Mallorca para eventos, incentivos y celebraciones","_seopress_titles_desc":"Alquila un yate en Mallorca para ocasiones especiales. Perfecto para eventos de empresa, incentivos, cumplea\u00f1os o fiestas privadas en un exclusivo yate de alquiler. ","_seopress_robots_index":"","footnotes":""},"class_list":["post-2317","page","type-page","status-publish","has-post-thumbnail","hentry"],"_links":{"self":[{"href":"https:\/\/online-charter.com\/es\/wp-json\/wp\/v2\/pages\/2317","targetHints":{"allow":["GET"]}}],"collection":[{"href":"https:\/\/online-charter.com\/es\/wp-json\/wp\/v2\/pages"}],"about":[{"href":"https:\/\/online-charter.com\/es\/wp-json\/wp\/v2\/types\/page"}],"author":[{"embeddable":true,"href":"https:\/\/online-charter.com\/es\/wp-json\/wp\/v2\/users\/1"}],"replies":[{"embeddable":true,"href":"https:\/\/online-charter.com\/es\/wp-json\/wp\/v2\/comments?post=2317"}],"version-history":[{"count":0,"href":"https:\/\/online-charter.com\/es\/wp-json\/wp\/v2\/pages\/2317\/revisions"}],"wp:featuredmedia":[{"embeddable":true,"href":"https:\/\/online-charter.com\/es\/wp-json\/wp\/v2\/media\/3740"}],"wp:attachment":[{"href":"https:\/\/online-charter.com\/es\/wp-json\/wp\/v2\/media?parent=2317"}],"curies":[{"name":"wp","href":"https:\/\/api.w.org\/{rel}","templated":true}]}}